{"id":59,"date":"2017-05-05T08:17:26","date_gmt":"2017-05-05T08:17:26","guid":{"rendered":"http:\/\/metrimed.hu\/1\/?page_id=59"},"modified":"2018-01-29T13:22:05","modified_gmt":"2018-01-29T13:22:05","slug":"kapcsolat","status":"publish","type":"page","link":"https:\/\/metrimed.hu\/en\/kapcsolat\/","title":{"rendered":"Contact"},"content":{"rendered":"<p>[vc_row rt_row_background_width=&#8221;default&#8221; rt_row_style=&#8221;default-style&#8221; rt_row_borders=&#8221;&#8221; rt_row_paddings=&#8221;true&#8221; rt_bg_effect=&#8221;classic&#8221; rt_bg_image_repeat=&#8221;repeat&#8221; rt_bg_size=&#8221;cover&#8221; rt_bg_position=&#8221;right top&#8221; rt_bg_attachment=&#8221;scroll&#8221; rt_bg_video_format=&#8221;self-hosted&#8221;][vc_column width=&#8221;1\/3&#8243; rt_bg_image_repeat=&#8221;repeat&#8221; rt_bg_size=&#8221;auto auto&#8221; rt_bg_attachment=&#8221;scroll&#8221;][vc_column_text]<\/p>\n<div class=\"styled-subtitle\"><img decoding=\"async\" loading=\"lazy\" class=\"alignnone wp-image-1457\" src=\"http:\/\/metrimed.hu\/wp-content\/uploads\/2018\/01\/flag-of-Hungary.png\" alt=\"\" width=\"150\" height=\"88\" data-id=\"1457\" \/><\/div>\n<div><\/div>\n<div class=\"styled-subtitle\">C\u00edm:<\/div>\n<div class=\"styled-subtitle\">J\u00f3zsef Attila utca 3.<\/div>\n<div class=\"styled-subtitle\">H\u00f3dmez\u0151v\u00e1s\u00e1rhely<\/div>\n<div class=\"styled-subtitle\">6800 Magyarorsz\u00e1g<\/div>\n<div><\/div>\n<div class=\"styled-subtitle\">Telefon: +36 (62) 535-470<br \/>\nFax: +36 (62) 535-471<\/div>\n<div><\/div>\n<div class=\"styled-subtitle\">Gps: \u00c9 46.42073, K 20.318742<\/div>\n<p>[\/vc_column_text][\/vc_column][vc_column width=&#8221;1\/3&#8243; rt_bg_image_repeat=&#8221;repeat&#8221; rt_bg_size=&#8221;auto auto&#8221; rt_bg_attachment=&#8221;scroll&#8221;][vc_column_text]<\/p>\n<div class=\"styled-subtitle\"><img decoding=\"async\" loading=\"lazy\" class=\"alignnone wp-image-1459\" src=\"http:\/\/metrimed.hu\/wp-content\/uploads\/2018\/01\/flag-of-United-Kingdom.png\" alt=\"\" width=\"150\" height=\"88\" data-id=\"1459\" \/><\/div>\n<div class=\"styled-subtitle\">Addres:<\/div>\n<div class=\"styled-subtitle\">J\u00f3zsef Attila Street 3.<\/div>\n<div class=\"styled-subtitle\">H\u00f3dmez\u0151v\u00e1s\u00e1rhely<\/div>\n<div class=\"styled-subtitle\">6800 Hungary<\/div>\n<div class=\"styled-subtitle\">Phone: +36 (62) 535-470<br \/>\nFax: +36 (62) 535-471<\/div>\n<div class=\"styled-subtitle\">Gps: N 46.42073, E 20.318742<\/div>\n<p>[\/vc_column_text][\/vc_column][vc_column width=&#8221;1\/3&#8243; rt_bg_image_repeat=&#8221;repeat&#8221; rt_bg_size=&#8221;auto auto&#8221; rt_bg_attachment=&#8221;scroll&#8221;][vc_column_text]<\/p>\n<div class=\"styled-subtitle\"><img decoding=\"async\" loading=\"lazy\" class=\"alignnone wp-image-1458\" src=\"http:\/\/metrimed.hu\/wp-content\/uploads\/2018\/01\/flag-of-Romania.png\" alt=\"\" width=\"150\" height=\"88\" data-id=\"1458\" \/><\/div>\n<div class=\"styled-subtitle\">Contact:<\/div>\n<div class=\"styled-subtitle\">S.C. Osteopharm S.R.L.<br \/>\nTelefon: 0265 211353<br \/>\nFax: 0365 882353<br \/>\nstr. Lev Tolstoi nr. 2<br \/>\n540125 T\u00e2rgu Mure\u0219<\/div>\n<div class=\"styled-subtitle\">Rom\u00e2nia<br \/>\n<a href=\"http:\/\/www.osteopharm.ro\/\">www.<\/a><a href=\"http:\/\/www.osteopharm.ro\/\">osteopharm.ro<\/a><\/div>\n<div class=\"styled-subtitle\"><a href=\"mailto:E:osteopharm@osteopharm.ro\">osteopharm@osteopharm.ro<\/a><\/div>\n<p>[\/vc_column_text][\/vc_column][\/vc_row][vc_row rt_row_background_width=&#8221;default&#8221; rt_row_style=&#8221;default-style&#8221; rt_row_borders=&#8221;&#8221; rt_row_paddings=&#8221;true&#8221; rt_bg_effect=&#8221;classic&#8221; rt_bg_image_repeat=&#8221;repeat&#8221; rt_bg_size=&#8221;cover&#8221; rt_bg_position=&#8221;right top&#8221; rt_bg_attachment=&#8221;scroll&#8221; rt_bg_video_format=&#8221;self-hosted&#8221;][vc_column width=&#8221;1\/3&#8243; rt_bg_image_repeat=&#8221;repeat&#8221; rt_bg_size=&#8221;auto auto&#8221; rt_bg_attachment=&#8221;scroll&#8221;]<div role=\"form\" class=\"wpcf7\" id=\"wpcf7-f135-o1\" lang=\"hu-HU\" dir=\"ltr\">\n<div class=\"screen-reader-response\"><p role=\"status\" aria-live=\"polite\" aria-atomic=\"true\"><\/p> <ul><\/ul><\/div>\n<form action=\"\/en\/wp-json\/wp\/v2\/pages\/59#wpcf7-f135-o1\" method=\"post\" class=\"wpcf7-form init\" novalidate=\"novalidate\" data-status=\"init\">\n<div style=\"display: none;\">\n<input type=\"hidden\" name=\"_wpcf7\" value=\"135\" \/>\n<input type=\"hidden\" name=\"_wpcf7_version\" value=\"5.3.1\" \/>\n<input type=\"hidden\" name=\"_wpcf7_locale\" value=\"hu_HU\" \/>\n<input type=\"hidden\" name=\"_wpcf7_unit_tag\" value=\"wpcf7-f135-o1\" \/>\n<input type=\"hidden\" name=\"_wpcf7_container_post\" value=\"0\" \/>\n<input type=\"hidden\" name=\"_wpcf7_posted_data_hash\" value=\"\" \/>\n<\/div>\n<p><label> N\u00e9v (k\u00f6telez\u0151)<br \/>\n    <span class=\"wpcf7-form-control-wrap your-name\"><input type=\"text\" name=\"your-name\" value=\"\" size=\"40\" class=\"wpcf7-form-control wpcf7-text wpcf7-validates-as-required\" aria-required=\"true\" aria-invalid=\"false\" \/><\/span> <\/label><\/p>\n<p><label> Email c\u00edm (k\u00f6telez\u0151)<br \/>\n    <span class=\"wpcf7-form-control-wrap your-email\"><input type=\"email\" name=\"your-email\" value=\"\" size=\"40\" class=\"wpcf7-form-control wpcf7-text wpcf7-email wpcf7-validates-as-required wpcf7-validates-as-email\" aria-required=\"true\" aria-invalid=\"false\" \/><\/span> <\/label><\/p>\n<p><label> T\u00e1rgy<br \/>\n    <span class=\"wpcf7-form-control-wrap your-subject\"><input type=\"text\" name=\"your-subject\" value=\"\" size=\"40\" class=\"wpcf7-form-control wpcf7-text\" aria-invalid=\"false\" \/><\/span> <\/label><\/p>\n<p><label> \u00dczenet<br \/>\n    <span class=\"wpcf7-form-control-wrap your-message\"><textarea name=\"your-message\" cols=\"40\" rows=\"10\" class=\"wpcf7-form-control wpcf7-textarea\" aria-invalid=\"false\"><\/textarea><\/span> <\/label><\/p>\n<p><input type=\"submit\" value=\"K\u00fcld\u00e9s\" class=\"wpcf7-form-control wpcf7-submit\" \/><\/p>\n<div class=\"wpcf7-response-output\" aria-hidden=\"true\"><\/div><\/form><\/div>[\/vc_column][vc_column width=&#8221;1\/3&#8243; rt_bg_image_repeat=&#8221;repeat&#8221; rt_bg_size=&#8221;auto auto&#8221; rt_bg_attachment=&#8221;scroll&#8221;][\/vc_column][vc_column width=&#8221;1\/3&#8243; rt_bg_image_repeat=&#8221;repeat&#8221; rt_bg_size=&#8221;auto auto&#8221; rt_bg_attachment=&#8221;scroll&#8221;][\/vc_column][\/vc_row]<\/p>\n","protected":false},"excerpt":{"rendered":"<p>[vc_row rt_row_background_width=&#8221;default&#8221; rt_row_style=&#8221;default-style&#8221; rt_row_borders=&#8221;&#8221; rt_row_paddings=&#8221;true&#8221; rt_bg_effect=&#8221;classic&#8221; rt_bg_image_repeat=&#8221;repeat&#8221; rt_bg_size=&#8221;cover&#8221; rt_bg_position=&#8221;right top&#8221; rt_bg_attachment=&#8221;scroll&#8221; rt_bg_video_format=&#8221;self-hosted&#8221;][vc_column width=&#8221;1\/3&#8243; rt_bg_image_repeat=&#8221;repeat&#8221; rt_bg_size=&#8221;auto auto&#8221; rt_bg_attachment=&#8221;scroll&#8221;][vc_column_text] C\u00edm: J\u00f3zsef Attila&#8230;<\/p>\n","protected":false},"author":1,"featured_media":0,"parent":0,"menu_order":0,"comment_status":"closed","ping_status":"closed","template":"","meta":[],"_links":{"self":[{"href":"https:\/\/metrimed.hu\/en\/wp-json\/wp\/v2\/pages\/59"}],"collection":[{"href":"https:\/\/metrimed.hu\/en\/wp-json\/wp\/v2\/pages"}],"about":[{"href":"https:\/\/metrimed.hu\/en\/wp-json\/wp\/v2\/types\/page"}],"author":[{"embeddable":true,"href":"https:\/\/metrimed.hu\/en\/wp-json\/wp\/v2\/users\/1"}],"replies":[{"embeddable":true,"href":"https:\/\/metrimed.hu\/en\/wp-json\/wp\/v2\/comments?post=59"}],"version-history":[{"count":44,"href":"https:\/\/metrimed.hu\/en\/wp-json\/wp\/v2\/pages\/59\/revisions"}],"predecessor-version":[{"id":2135,"href":"https:\/\/metrimed.hu\/en\/wp-json\/wp\/v2\/pages\/59\/revisions\/2135"}],"wp:attachment":[{"href":"https:\/\/metrimed.hu\/en\/wp-json\/wp\/v2\/media?parent=59"}],"curies":[{"name":"wp","href":"https:\/\/api.w.org\/{rel}","templated":true}]}}